{"id":37,"date":"2017-06-10T11:13:39","date_gmt":"2017-06-10T09:13:39","guid":{"rendered":"http:\/\/www.brotvermehrer.de\/?page_id=37"},"modified":"2021-09-15T17:10:22","modified_gmt":"2021-09-15T15:10:22","slug":"about","status":"publish","type":"page","link":"http:\/\/www.brotvermehrer.de\/?page_id=37","title":{"rendered":"Unser Verein"},"content":{"rendered":"<p>Unseren\u00a0<b> Verein Afrikahilfe Ukunda e.V. \u00a0<\/b>gibt es seit 2009.<\/p>\n<p>Wir unterst\u00fctzen haupts\u00e4chlich ein Gemeinde-und Vorschulprojekt in Ukunda, einem Vorort von Mombasa in Kenia. Unser Ziel hierbei ist eine schulische Grundbildung den \u00e4rmsten Kindern vor Ort zu erm\u00f6glichen. Au\u00dferdem vermitteln wir Patenschaften von Waisenkindern und Schulkindern.<\/p>\n<p>Unsere Kontaktperson vor Ort ist Pastorin und Schulleiterin Letty Alouch.<\/p>\n<p>&nbsp;<\/p>\n<p><strong>Schule \/ Vorschule<\/strong><\/p>\n<p><img loading=\"lazy\" decoding=\"async\" class=\"alignnone wp-image-191 size-large\" src=\"http:\/\/www.brotvermehrer.de\/wp-content\/uploads\/2017\/09\/IMG_6314-1024x768.jpg\" alt=\"\" width=\"640\" height=\"480\" srcset=\"http:\/\/www.brotvermehrer.de\/wp-content\/uploads\/2017\/09\/IMG_6314.jpg 1024w, http:\/\/www.brotvermehrer.de\/wp-content\/uploads\/2017\/09\/IMG_6314-300x225.jpg 300w, http:\/\/www.brotvermehrer.de\/wp-content\/uploads\/2017\/09\/IMG_6314-768x576.jpg 768w\" sizes=\"auto, (max-width: 640px) 100vw, 640px\" \/><\/p>\n<p>Die Vorschule besteht aus 40-60 Kindern, die von zwei Lehrern unterrichtet werden. Zus\u00e4tzlich gibt es eine K\u00f6chin\/ Betreuerin und einen Wachmann.<\/p>\n<p>Bei den Kindern handelt es sich um Nachbarskinder,die typischerweise sehr arm sind. Auch das Schulmaterial und die Schuluniform k\u00f6nnen diese Familien nicht selbst finanzieren.<\/p>\n<p>F\u00fcr diese Kinder gibt es jeden Vormittag gratis \u201eporridge\u201c und ein Mittagessen (Reis, Bohnen, Fleischeintopf oder Ugali).<\/p>\n<p>Die Lehrer unterrichten die Kinder mit dem Vorschulstoff, ein vorgegebenes Curriculum f\u00fcr die Vorschulkinder.<\/p>\n<p>Beispiele davon:<\/p>\n<p>a. \u00a0 \u00a0 \u00a0Sprach\u00fcbungen<\/p>\n<p>b. \u00a0 \u00a0 \u00a0Rechen\u00fcbungen<\/p>\n<p>c. \u00a0 \u00a0 \u00a0Naturwissenschaft<\/p>\n<p>d. \u00a0 \u00a0 \u00a0Sozialwisssenschaften<\/p>\n<p><img loading=\"lazy\" decoding=\"async\" class=\"size-medium wp-image-337 alignleft\" src=\"http:\/\/www.brotvermehrer.de\/wp-content\/uploads\/2021\/09\/241D9144-CB75-4287-9BB6-3BE29BF183B2-300x225.jpeg\" alt=\"\" width=\"300\" height=\"225\" srcset=\"http:\/\/www.brotvermehrer.de\/wp-content\/uploads\/2021\/09\/241D9144-CB75-4287-9BB6-3BE29BF183B2-300x225.jpeg 300w, http:\/\/www.brotvermehrer.de\/wp-content\/uploads\/2021\/09\/241D9144-CB75-4287-9BB6-3BE29BF183B2-768x576.jpeg 768w, http:\/\/www.brotvermehrer.de\/wp-content\/uploads\/2021\/09\/241D9144-CB75-4287-9BB6-3BE29BF183B2-1024x768.jpeg 1024w, http:\/\/www.brotvermehrer.de\/wp-content\/uploads\/2021\/09\/241D9144-CB75-4287-9BB6-3BE29BF183B2.jpeg 2048w\" sizes=\"auto, (max-width: 300px) 100vw, 300px\" \/><\/p>\n<p>e. \u00a0 \u00a0 \u00a0Lebenskompetenzen<\/p>\n<p>f. \u00a0 \u00a0 \u00a0 Religionslehre<\/p>\n<p>g. \u00a0 \u00a0 \u00a0Kunst<\/p>\n<p>h.\u00a0\u00a0\u00a0\u00a0\u00a0 Outdoor Activities.<\/p>\n<p>i. \u00a0 \u00a0 \u00a0 Musikalische Erziehung<\/p>\n<p><img loading=\"lazy\" decoding=\"async\" class=\"alignnone size-medium wp-image-335\" src=\"http:\/\/www.brotvermehrer.de\/wp-content\/uploads\/2021\/09\/5F6C92F5-D0C0-4C95-B637-BBD9F80D9361-300x225.jpeg\" alt=\"\" width=\"300\" height=\"225\" srcset=\"http:\/\/www.brotvermehrer.de\/wp-content\/uploads\/2021\/09\/5F6C92F5-D0C0-4C95-B637-BBD9F80D9361-300x225.jpeg 300w, http:\/\/www.brotvermehrer.de\/wp-content\/uploads\/2021\/09\/5F6C92F5-D0C0-4C95-B637-BBD9F80D9361-768x576.jpeg 768w, http:\/\/www.brotvermehrer.de\/wp-content\/uploads\/2021\/09\/5F6C92F5-D0C0-4C95-B637-BBD9F80D9361-1024x768.jpeg 1024w, http:\/\/www.brotvermehrer.de\/wp-content\/uploads\/2021\/09\/5F6C92F5-D0C0-4C95-B637-BBD9F80D9361.jpeg 2048w\" sizes=\"auto, (max-width: 300px) 100vw, 300px\" \/><img loading=\"lazy\" decoding=\"async\" class=\"alignnone wp-image-342 size-medium\" src=\"http:\/\/www.brotvermehrer.de\/wp-content\/uploads\/2021\/09\/C3C1289D-F3BB-4478-971D-31685BD3C6A9-300x225.jpeg\" alt=\"\" width=\"300\" height=\"225\" srcset=\"http:\/\/www.brotvermehrer.de\/wp-content\/uploads\/2021\/09\/C3C1289D-F3BB-4478-971D-31685BD3C6A9-300x225.jpeg 300w, http:\/\/www.brotvermehrer.de\/wp-content\/uploads\/2021\/09\/C3C1289D-F3BB-4478-971D-31685BD3C6A9-768x576.jpeg 768w, http:\/\/www.brotvermehrer.de\/wp-content\/uploads\/2021\/09\/C3C1289D-F3BB-4478-971D-31685BD3C6A9-1024x768.jpeg 1024w\" sizes=\"auto, (max-width: 300px) 100vw, 300px\" \/>\u00a0<span style=\"-webkit-tap-highlight-color: rgba(0, 0, 0, 0);\">\u00a0 \u00a0 \u00a0 \u00a0 \u00a0<img loading=\"lazy\" decoding=\"async\" class=\"alignnone wp-image-336 size-medium\" src=\"http:\/\/www.brotvermehrer.de\/wp-content\/uploads\/2021\/09\/08C5A941-3B24-4A07-B1C0-F857BD146A9D-300x225.jpeg\" alt=\"\" width=\"300\" height=\"225\" srcset=\"http:\/\/www.brotvermehrer.de\/wp-content\/uploads\/2021\/09\/08C5A941-3B24-4A07-B1C0-F857BD146A9D-300x225.jpeg 300w, http:\/\/www.brotvermehrer.de\/wp-content\/uploads\/2021\/09\/08C5A941-3B24-4A07-B1C0-F857BD146A9D-768x576.jpeg 768w, http:\/\/www.brotvermehrer.de\/wp-content\/uploads\/2021\/09\/08C5A941-3B24-4A07-B1C0-F857BD146A9D-1024x768.jpeg 1024w, http:\/\/www.brotvermehrer.de\/wp-content\/uploads\/2021\/09\/08C5A941-3B24-4A07-B1C0-F857BD146A9D.jpeg 2048w\" sizes=\"auto, (max-width: 300px) 100vw, 300px\" \/><img loading=\"lazy\" decoding=\"async\" class=\"wp-image-338 size-medium alignnone\" src=\"http:\/\/www.brotvermehrer.de\/wp-content\/uploads\/2021\/09\/DE8373E6-2E0B-4C1A-B7B7-7D08BC8480FB-225x300.jpeg\" alt=\"\" width=\"225\" height=\"300\" srcset=\"http:\/\/www.brotvermehrer.de\/wp-content\/uploads\/2021\/09\/DE8373E6-2E0B-4C1A-B7B7-7D08BC8480FB-225x300.jpeg 225w, http:\/\/www.brotvermehrer.de\/wp-content\/uploads\/2021\/09\/DE8373E6-2E0B-4C1A-B7B7-7D08BC8480FB-768x1024.jpeg 768w, http:\/\/www.brotvermehrer.de\/wp-content\/uploads\/2021\/09\/DE8373E6-2E0B-4C1A-B7B7-7D08BC8480FB.jpeg 1536w\" sizes=\"auto, (max-width: 225px) 100vw, 225px\" \/><\/span><\/p>\n<p>&nbsp;<\/p>\n<p><strong>Gemeinde\/ Kirchenprojekt<\/strong><\/p>\n<p>Unser Verein unterst\u00fctzt des weiteren ein christliches Gemeindeprojekt, geleitet durch die vor Ort lebende Pastorin Letty Alouch. Die Schule wird durch Gemeindemitglieder stark unterst\u00fctzt und mitgetragen.<\/p>\n<p><img loading=\"lazy\" decoding=\"async\" class=\"alignnone size-medium wp-image-186\" src=\"http:\/\/www.brotvermehrer.de\/wp-content\/uploads\/2017\/09\/Folie04-300x225.jpg\" alt=\"\" width=\"300\" height=\"225\" srcset=\"http:\/\/www.brotvermehrer.de\/wp-content\/uploads\/2017\/09\/Folie04-300x225.jpg 300w, http:\/\/www.brotvermehrer.de\/wp-content\/uploads\/2017\/09\/Folie04-768x576.jpg 768w, http:\/\/www.brotvermehrer.de\/wp-content\/uploads\/2017\/09\/Folie04.jpg 1024w\" sizes=\"auto, (max-width: 300px) 100vw, 300px\" \/><\/p>\n<p><strong>Waisenkinder\/ Patenschaften<\/strong><\/p>\n<p>Wir vermitteln Patenschaften f\u00fcr die im Haus der Pastorin Letty lebenden Waisenkinder.<\/p>\n<p><img loading=\"lazy\" decoding=\"async\" class=\"alignnone size-medium wp-image-354\" src=\"http:\/\/www.brotvermehrer.de\/wp-content\/uploads\/2021\/09\/031E3D4C-BAB4-4FFA-8EA7-229C83983DBC-225x300.jpeg\" alt=\"\" width=\"225\" height=\"300\" srcset=\"http:\/\/www.brotvermehrer.de\/wp-content\/uploads\/2021\/09\/031E3D4C-BAB4-4FFA-8EA7-229C83983DBC-225x300.jpeg 225w, http:\/\/www.brotvermehrer.de\/wp-content\/uploads\/2021\/09\/031E3D4C-BAB4-4FFA-8EA7-229C83983DBC.jpeg 768w\" sizes=\"auto, (max-width: 225px) 100vw, 225px\" \/><\/p>\n<p>&nbsp;<\/p>\n","protected":false},"excerpt":{"rendered":"<p>Unseren\u00a0 Verein Afrikahilfe Ukunda e.V. \u00a0gibt es seit 2009. Wir unterst\u00fctzen haupts\u00e4chlich ein Gemeinde-und Vorschulprojekt in Ukunda, einem Vorort von Mombasa in Kenia. Unser Ziel hierbei ist eine schulische Grundbildung den \u00e4rmsten Kindern vor Ort zu erm\u00f6glichen. Au\u00dferdem vermitteln wir Patenschaften von Waisenkindern und Schulkindern. Unsere Kontaktperson vor Ort ist Pastorin und Schulleiterin Letty Alouch. [&hellip;]<\/p>\n","protected":false},"author":2,"featured_media":288,"parent":0,"menu_order":10,"comment_status":"closed","ping_status":"closed","template":"","meta":{"footnotes":""},"class_list":["post-37","page","type-page","status-publish","has-post-thumbnail","hentry"],"_links":{"self":[{"href":"http:\/\/www.brotvermehrer.de\/index.php?rest_route=\/wp\/v2\/pages\/37","targetHints":{"allow":["GET"]}}],"collection":[{"href":"http:\/\/www.brotvermehrer.de\/index.php?rest_route=\/wp\/v2\/pages"}],"about":[{"href":"http:\/\/www.brotvermehrer.de\/index.php?rest_route=\/wp\/v2\/types\/page"}],"author":[{"embeddable":true,"href":"http:\/\/www.brotvermehrer.de\/index.php?rest_route=\/wp\/v2\/users\/2"}],"replies":[{"embeddable":true,"href":"http:\/\/www.brotvermehrer.de\/index.php?rest_route=%2Fwp%2Fv2%2Fcomments&post=37"}],"version-history":[{"count":38,"href":"http:\/\/www.brotvermehrer.de\/index.php?rest_route=\/wp\/v2\/pages\/37\/revisions"}],"predecessor-version":[{"id":365,"href":"http:\/\/www.brotvermehrer.de\/index.php?rest_route=\/wp\/v2\/pages\/37\/revisions\/365"}],"wp:featuredmedia":[{"embeddable":true,"href":"http:\/\/www.brotvermehrer.de\/index.php?rest_route=\/wp\/v2\/media\/288"}],"wp:attachment":[{"href":"http:\/\/www.brotvermehrer.de\/index.php?rest_route=%2Fwp%2Fv2%2Fmedia&parent=37"}],"curies":[{"name":"wp","href":"https:\/\/api.w.org\/{rel}","templated":true}]}}