{"id":2,"date":"2017-06-02T05:37:00","date_gmt":"2017-06-02T05:37:00","guid":{"rendered":"http:\/\/www.brotvermehrer.de\/?page_id=2"},"modified":"2024-02-10T16:36:24","modified_gmt":"2024-02-10T14:36:24","slug":"sample-page","status":"publish","type":"page","link":"https:\/\/www.brotvermehrer.de\/","title":{"rendered":"Afrikahilfe Ukunda e.V."},"content":{"rendered":"<h1>Wir sind ein gemeinn\u00fctziger Verein.<\/h1>\n<p>Unser Verein unterst\u00fctzt den Auf- und Ausbau eines Schulprojektes<br \/>\nin einem Vorort von Mombasa in Kenia.<\/p>\n<p>Wir vermitteln Schulpatenschaften f\u00fcr die Kinder,<br \/>\nderen Familien kein Geld f\u00fcr die Schulausbildung haben.<\/p>\n<p>Spendenkonto:<\/p>\n<p>Afrikahilfe Ukunda e.V.<\/p>\n<p>IBAN: DE07683500480001075589<\/p>\n<p>BIC: SKLODE66XXX<\/p>\n<div><\/div>\n<div><\/div>\n<p>Ansprechpartner \/ Kontakt:<br \/>\nIrina &amp; Markus Medau, Schopfheim<br \/>\nWiltrud Straub-Goetz,\u00a0Schopfheim<\/p>\n<p><a href=\"http:\/\/www.brotvermehrer.de\">www.brotvermehrer.de<\/a><\/p>\n","protected":false},"excerpt":{"rendered":"<p>Wir sind ein gemeinn\u00fctziger Verein. Unser Verein unterst\u00fctzt den Auf- und Ausbau eines Schulprojektes in einem Vorort von Mombasa in Kenia. Wir vermitteln Schulpatenschaften f\u00fcr die Kinder, deren Familien kein Geld f\u00fcr die Schulausbildung haben. Spendenkonto: Afrikahilfe Ukunda e.V. IBAN: DE07683500480001075589 BIC: SKLODE66XXX Ansprechpartner \/ Kontakt: Irina &amp; Markus Medau, Schopfheim Wiltrud Straub-Goetz,\u00a0Schopfheim www.brotvermehrer.de<\/p>\n","protected":false},"author":1,"featured_media":362,"parent":0,"menu_order":0,"comment_status":"closed","ping_status":"open","template":"","meta":{"footnotes":""},"class_list":["post-2","page","type-page","status-publish","has-post-thumbnail","hentry"],"_links":{"self":[{"href":"https:\/\/www.brotvermehrer.de\/index.php?rest_route=\/wp\/v2\/pages\/2","targetHints":{"allow":["GET"]}}],"collection":[{"href":"https:\/\/www.brotvermehrer.de\/index.php?rest_route=\/wp\/v2\/pages"}],"about":[{"href":"https:\/\/www.brotvermehrer.de\/index.php?rest_route=\/wp\/v2\/types\/page"}],"author":[{"embeddable":true,"href":"https:\/\/www.brotvermehrer.de\/index.php?rest_route=\/wp\/v2\/users\/1"}],"replies":[{"embeddable":true,"href":"https:\/\/www.brotvermehrer.de\/index.php?rest_route=%2Fwp%2Fv2%2Fcomments&post=2"}],"version-history":[{"count":14,"href":"https:\/\/www.brotvermehrer.de\/index.php?rest_route=\/wp\/v2\/pages\/2\/revisions"}],"predecessor-version":[{"id":428,"href":"https:\/\/www.brotvermehrer.de\/index.php?rest_route=\/wp\/v2\/pages\/2\/revisions\/428"}],"wp:featuredmedia":[{"embeddable":true,"href":"https:\/\/www.brotvermehrer.de\/index.php?rest_route=\/wp\/v2\/media\/362"}],"wp:attachment":[{"href":"https:\/\/www.brotvermehrer.de\/index.php?rest_route=%2Fwp%2Fv2%2Fmedia&parent=2"}],"curies":[{"name":"wp","href":"https:\/\/api.w.org\/{rel}","templated":true}]}}