{"id":78,"date":"2017-06-12T17:45:39","date_gmt":"2017-06-12T15:45:39","guid":{"rendered":"http:\/\/www.brotvermehrer.de\/?page_id=78"},"modified":"2023-09-25T11:51:51","modified_gmt":"2023-09-25T09:51:51","slug":"patenschaft","status":"publish","type":"page","link":"https:\/\/www.brotvermehrer.de\/?page_id=78","title":{"rendered":"Patenschaften"},"content":{"rendered":"<h3><strong>Werden Sie Pate und unterst\u00fctzen Sie damit das Leben eines Kindes!<\/strong><\/h3>\n<p>Diese Waisenkinder leben im Haus der Pastorin Letty Alouch:<\/p>\n<p><img loading=\"lazy\" decoding=\"async\" class=\"alignnone size-medium wp-image-354\" src=\"http:\/\/www.brotvermehrer.de\/wp-content\/uploads\/2021\/09\/031E3D4C-BAB4-4FFA-8EA7-229C83983DBC-225x300.jpeg\" alt=\"\" width=\"225\" height=\"300\" srcset=\"https:\/\/www.brotvermehrer.de\/wp-content\/uploads\/2021\/09\/031E3D4C-BAB4-4FFA-8EA7-229C83983DBC-225x300.jpeg 225w, https:\/\/www.brotvermehrer.de\/wp-content\/uploads\/2021\/09\/031E3D4C-BAB4-4FFA-8EA7-229C83983DBC.jpeg 768w\" sizes=\"auto, (max-width: 225px) 100vw, 225px\" \/><\/p>\n<p>von links nach rechts: Lucia, Hillary, Baby Grace, Pastorin Grace hinter Baby Grace, Regina, Triza und Charlton<\/p>\n<h3><strong>Hier stellen sich die Kinder vor:<\/strong><\/h3>\n<h4><strong>Hillary<\/strong><\/h4>\n<p><img loading=\"lazy\" decoding=\"async\" class=\"size-medium wp-image-368 alignright\" src=\"http:\/\/www.brotvermehrer.de\/wp-content\/uploads\/2021\/09\/A5F7C12F-A0CF-4C50-AD0C-2B4D1D055B72-225x300.jpeg\" alt=\"\" width=\"225\" height=\"300\" srcset=\"https:\/\/www.brotvermehrer.de\/wp-content\/uploads\/2021\/09\/A5F7C12F-A0CF-4C50-AD0C-2B4D1D055B72-225x300.jpeg 225w, https:\/\/www.brotvermehrer.de\/wp-content\/uploads\/2021\/09\/A5F7C12F-A0CF-4C50-AD0C-2B4D1D055B72.jpeg 768w\" sizes=\"auto, (max-width: 225px) 100vw, 225px\" \/><\/p>\n<p>Pastorin Grace fand den kleinen Hillary als er gerade mal 4 Monate alt war. Er ist ein sehr fr\u00f6hlicher und kommunikativer Junge. Er hat eine sehr schnelle Auffassungsgabe und ist ein ausgezeichneter Sch\u00fcler mit \u00fcberdurchschnittliche Leistungen.<\/p>\n<h4><strong>Laeticia<\/strong><\/h4>\n<p>Pastorin Grace nahm sie als Kleinkind in einem sehr schlechten, unterern\u00e4hrtem Zustand auf. Sie ist ein ruhiges M\u00e4dchen, die trotz ihrer sehr traurigen Vergangenheitein ein fr\u00f6hliches Wesen hat.Sie singt gerne und bringt sich gerne in die Gemeindearbeit ein. Sie ist intelligent und eine \u00fcberdurchschnittliche Sch\u00fclerin.<img loading=\"lazy\" decoding=\"async\" class=\"alignright wp-image-391 size-medium\" src=\"http:\/\/www.brotvermehrer.de\/wp-content\/uploads\/2021\/10\/Lucia2-163x300.jpg\" alt=\"\" width=\"163\" height=\"300\" srcset=\"https:\/\/www.brotvermehrer.de\/wp-content\/uploads\/2021\/10\/Lucia2-163x300.jpg 163w, https:\/\/www.brotvermehrer.de\/wp-content\/uploads\/2021\/10\/Lucia2.jpg 426w\" sizes=\"auto, (max-width: 163px) 100vw, 163px\" \/><\/p>\n<p>Sie hat einen der besten achte Klasse Abschl\u00fcsse in ganz Kenia gemacht und ist deswegen auf ein sehr gutes Internat, die Kenya High School, eingeladen worden. Die Schulbildung dort ist am h\u00f6heren Bildungsstandard in Gro\u00dfbritannien orientiert. Sie erfordert jedoch auch gr\u00f6\u00dfere Ausgaben f\u00fcr Schuluniform und Ausstattung z.B. f\u00fcr den Sportunterricht und Schulb\u00fccher.<\/p>\n<p>Lucias Ziel ist es, \u00c4rztin zu werden. Sie ist sehr zielorientiert und strebt einen sehr guten Schulabschluss an, damit sie ihren Lebenstraum verwirklichen kann.<\/p>\n<h4><b>Charlton<\/b><\/h4>\n<p>Charlton hatte eine traurige Zeit, bevor ihn Pastorin Grace vor einigen Jahren von der Stra\u00dfe holte.<\/p>\n<p><b><img loading=\"lazy\" decoding=\"async\" class=\"size-medium wp-image-231 alignright\" src=\"http:\/\/www.brotvermehrer.de\/wp-content\/uploads\/2017\/09\/IMG_0028-169x300.jpg\" alt=\"\" width=\"169\" height=\"300\" srcset=\"https:\/\/www.brotvermehrer.de\/wp-content\/uploads\/2017\/09\/IMG_0028-169x300.jpg 169w, https:\/\/www.brotvermehrer.de\/wp-content\/uploads\/2017\/09\/IMG_0028-576x1024.jpg 576w, https:\/\/www.brotvermehrer.de\/wp-content\/uploads\/2017\/09\/IMG_0028.jpg 684w\" sizes=\"auto, (max-width: 169px) 100vw, 169px\" \/><\/b><\/p>\n<p>Er ist ein sehr h\u00f6flicher und vielseitig talentierter junger Mann, der gerne krativ und k\u00fcnsterlisch t\u00e4tig ist. Er ist ein flei\u00dfiger Sch\u00fcler, der konzentriet arbeitet und seine Aufgaben gewissenhaft erf\u00fcllt.<\/p>\n<p>In den Ferien und in seiner Freiziet ist er immer gerne bereit im Haushalt von Pastorin Grace, in der Gemeinde oder in der Vorschule mitzuhelfen. Auf den Bildern unten sieht man ihn\u00a0 bei Versch\u00f6nerungsarbeiten in der Vorschule.<\/p>\n<p><img loading=\"lazy\" decoding=\"async\" class=\"alignnone size-medium wp-image-387\" src=\"http:\/\/www.brotvermehrer.de\/wp-content\/uploads\/2021\/10\/Charlton-225x300.jpg\" alt=\"\" width=\"225\" height=\"300\" srcset=\"https:\/\/www.brotvermehrer.de\/wp-content\/uploads\/2021\/10\/Charlton-225x300.jpg 225w, https:\/\/www.brotvermehrer.de\/wp-content\/uploads\/2021\/10\/Charlton.jpg 648w\" sizes=\"auto, (max-width: 225px) 100vw, 225px\" \/><\/p>\n<h4><\/h4>\n<h4><strong>Regina<br \/>\n<\/strong><\/h4>\n<p>Pastorin Grace fand Regina im Alter von 8 Monaten. Damals war sie sehr unterern\u00e4hrt doch dank guter medizinischer Versorgung und einer guten Ern\u00e4hrung konnt sie sich erholen.<img loading=\"lazy\" decoding=\"async\" class=\"size-medium wp-image-369 alignright\" src=\"http:\/\/www.brotvermehrer.de\/wp-content\/uploads\/2021\/09\/BBD87ABD-D982-4E85-ACF9-F0C9E5DB2D7A-225x300.jpeg\" alt=\"\" width=\"225\" height=\"300\" \/><\/p>\n<p>Sie ist ein sehr mutiges und aufgewecktes M\u00e4dchen, das gerne singt und Musik liebt. Sie ist eine flei\u00dfige Sch\u00fclerin. Leider war Regina seit Anfang des Jahres sehr krank und nach einigen Krankenhausaufenthalten wurde bei ihr Tuberkulose diagnostiziert. Sie wird zurzeit behandelt und erholt sich langsam. Inzwischen kann sie wieder zur Schule gehen.<\/p>\n<h4><\/h4>\n<h4><\/h4>\n<h4><\/h4>\n<h4><\/h4>\n<h4><\/h4>\n<h4><\/h4>\n<h4><\/h4>\n<h4><\/h4>\n<h4><\/h4>\n<h4><\/h4>\n<h4><\/h4>\n<h4><\/h4>\n<h4><b>Triza<br \/>\n<\/b><\/h4>\n<p><img loading=\"lazy\" decoding=\"async\" class=\"size-medium wp-image-389 alignleft\" src=\"http:\/\/www.brotvermehrer.de\/wp-content\/uploads\/2021\/10\/Triza-103x300.jpg\" alt=\"\" width=\"103\" height=\"300\" srcset=\"https:\/\/www.brotvermehrer.de\/wp-content\/uploads\/2021\/10\/Triza-103x300.jpg 103w, https:\/\/www.brotvermehrer.de\/wp-content\/uploads\/2021\/10\/Triza.jpg 280w\" sizes=\"auto, (max-width: 103px) 100vw, 103px\" \/>Triza lebte im Haus der Pastorin Letty Grace, nachdem sie Opfer einer Gewalttat wurde. Sie ist ein sehr unternehmungslustiges M\u00e4dchen, die stets zu allem bereit und sehr hilfsbereit ist. Sie ist ebenfalls sehr aktiv in der Kirchengemeinde. Mittlerweile hat sie eine Familie gegr\u00fcndet.<\/p>\n<h4><\/h4>\n<h4><\/h4>\n<h4><\/h4>\n<h4><\/h4>\n<h4><\/h4>\n<h4><\/h4>\n<h4><strong>Baby Grace<\/strong><\/h4>\n<p>Die J\u00fcngste Im Haus der Pastorin Grace ist Baby Grace. Ihre Mutter starb kurz nach der Geburt. Als Pastorin Grace sie fand, war sie in einem sehr schlechten Allgemeinzustand. Nach mehreren Klinikaufenthalten und liebevoller Pflege ist sie nun\u00a0 ein gesundes, schlaues und <img loading=\"lazy\" decoding=\"async\" class=\"size-medium wp-image-348 alignright\" src=\"http:\/\/www.brotvermehrer.de\/wp-content\/uploads\/2021\/09\/2B51945B-C95F-4039-9CAC-637C9D8AE453-225x300.jpeg\" alt=\"\" width=\"225\" height=\"300\" \/>h\u00fcbsches, kleines M\u00e4dchen.<\/p>\n<p><img loading=\"lazy\" decoding=\"async\" class=\"alignnone wp-image-395 size-medium\" src=\"http:\/\/www.brotvermehrer.de\/wp-content\/uploads\/2021\/10\/Gracy-225x300.jpg\" alt=\"\" width=\"225\" height=\"300\" srcset=\"https:\/\/www.brotvermehrer.de\/wp-content\/uploads\/2021\/10\/Gracy-225x300.jpg 225w, https:\/\/www.brotvermehrer.de\/wp-content\/uploads\/2021\/10\/Gracy.jpg 768w\" sizes=\"auto, (max-width: 225px) 100vw, 225px\" \/><\/p>\n","protected":false},"excerpt":{"rendered":"<p>Werden Sie Pate und unterst\u00fctzen Sie damit das Leben eines Kindes! Diese Waisenkinder leben im Haus der Pastorin Letty Alouch: von links nach rechts: Lucia, Hillary, Baby Grace, Pastorin Grace hinter Baby Grace, Regina, Triza und Charlton Hier stellen sich die Kinder vor: Hillary Pastorin Grace fand den kleinen Hillary als er gerade mal 4 [&hellip;]<\/p>\n","protected":false},"author":2,"featured_media":0,"parent":0,"menu_order":30,"comment_status":"closed","ping_status":"closed","template":"","meta":{"footnotes":""},"class_list":["post-78","page","type-page","status-publish","hentry"],"_links":{"self":[{"href":"https:\/\/www.brotvermehrer.de\/index.php?rest_route=\/wp\/v2\/pages\/78","targetHints":{"allow":["GET"]}}],"collection":[{"href":"https:\/\/www.brotvermehrer.de\/index.php?rest_route=\/wp\/v2\/pages"}],"about":[{"href":"https:\/\/www.brotvermehrer.de\/index.php?rest_route=\/wp\/v2\/types\/page"}],"author":[{"embeddable":true,"href":"https:\/\/www.brotvermehrer.de\/index.php?rest_route=\/wp\/v2\/users\/2"}],"replies":[{"embeddable":true,"href":"https:\/\/www.brotvermehrer.de\/index.php?rest_route=%2Fwp%2Fv2%2Fcomments&post=78"}],"version-history":[{"count":46,"href":"https:\/\/www.brotvermehrer.de\/index.php?rest_route=\/wp\/v2\/pages\/78\/revisions"}],"predecessor-version":[{"id":415,"href":"https:\/\/www.brotvermehrer.de\/index.php?rest_route=\/wp\/v2\/pages\/78\/revisions\/415"}],"wp:attachment":[{"href":"https:\/\/www.brotvermehrer.de\/index.php?rest_route=%2Fwp%2Fv2%2Fmedia&parent=78"}],"curies":[{"name":"wp","href":"https:\/\/api.w.org\/{rel}","templated":true}]}}